{"id":3735,"date":"2024-01-24T15:14:29","date_gmt":"2024-01-24T14:14:29","guid":{"rendered":"https:\/\/trimane.fr\/mentions-legales-et-politique-de-confidentialite\/"},"modified":"2025-10-20T17:54:16","modified_gmt":"2025-10-20T15:54:16","slug":"legal-notices-and-privacy-policy","status":"publish","type":"page","link":"https:\/\/trimane.fr\/en\/legal-notices-and-privacy-policy\/","title":{"rendered":"Legal Notices and Privacy Policy"},"content":{"rendered":"[vc_row 1=&#8221;full_screen_row_position=&#8220;middle&#8220;&#8221; 2=&#8221;column_margin=&#8220;5px&#8220;&#8221; 3=&#8221;column_direction=&#8220;default&#8220;&#8221; 4=&#8221;column_direction_tablet=&#8220;default&#8220;&#8221; 5=&#8221;column_direction_phone=&#8220;default&#8220;&#8221; 6=&#8221;bg_color=&#8220;#f4f4f4&#8220;&#8221; 7=&#8221;bg_image=&#8220;716&#8220;&#8221; 8=&#8221;bg_position=&#8220;left&#8221; 9=&#8221;top&#8220;&#8221; 10=&#8221;background_image_loading=&#8220;default&#8220;&#8221; 11=&#8221;bg_repeat=&#8220;no-repeat&#8220;&#8221; 12=&#8221;scene_position=&#8220;center&#8220;&#8221; 13=&#8221;top_padding=&#8220;8%&#8220;&#8221; 14=&#8221;bottom_padding=&#8220;8%&#8220;&#8221; 15=&#8221;text_color=&#8220;custom&#8220;&#8221; 16=&#8221;custom_text_color=&#8220;#ffffff&#8220;&#8221; 17=&#8221;text_align=&#8220;left&#8220;&#8221; 18=&#8221;row_border_radius=&#8220;none&#8220;&#8221; 19=&#8221;row_border_radius_applies=&#8220;bg&#8220;&#8221; 20=&#8221;overflow=&#8220;visible&#8220;&#8221; 21=&#8221;overlay_strength=&#8220;0.3&#8220;&#8221; 22=&#8221;gradient_direction=&#8220;left_to_right&#8220;&#8221; 23=&#8221;shape_divider_position=&#8220;bottom&#8220;&#8221; 24=&#8221;bg_image_animation=&#8220;none&#8220;&#8221; 25=&#8221;gradient_type=&#8220;default&#8220;&#8221; 26=&#8221;shape_type=&#8220;&#8220;&#8221; type=&#8221;in_container&#8221; full_screen_row_position=&#8221;middle&#8221; column_margin=&#8221;default&#8221; column_direction=&#8221;default&#8221; column_direction_tablet=&#8221;default&#8221; column_direction_phone=&#8221;default&#8221; scene_position=&#8221;center&#8221; text_color=&#8221;dark&#8221; text_align=&#8221;left&#8221; row_border_radius=&#8221;none&#8221; row_border_radius_applies=&#8221;bg&#8221; overflow=&#8221;visible&#8221; overlay_strength=&#8221;0.3&#8243; gradient_direction=&#8221;left_to_right&#8221; shape_divider_position=&#8221;bottom&#8221; bg_image_animation=&#8221;none&#8221;][vc_column 1=&#8221;column_padding_tablet=&#8220;inherit&#8220;&#8221; 2=&#8221;column_padding_phone=&#8220;inherit&#8220;&#8221; 3=&#8221;column_padding_position=&#8220;all&#8220;&#8221; 4=&#8221;column_element_direction_desktop=&#8220;default&#8220;&#8221; 5=&#8221;column_element_spacing=&#8220;default&#8220;&#8221; 6=&#8221;desktop_text_alignment=&#8220;default&#8220;&#8221; 7=&#8221;tablet_text_alignment=&#8220;default&#8220;&#8221; 8=&#8221;phone_text_alignment=&#8220;default&#8220;&#8221; 9=&#8221;background_color_opacity=&#8220;1&#8220;&#8221; 10=&#8221;background_hover_color_opacity=&#8220;1&#8220;&#8221; 11=&#8221;column_backdrop_filter=&#8220;none&#8220;&#8221; 12=&#8221;column_shadow=&#8220;none&#8220;&#8221; 13=&#8221;column_border_radius=&#8220;none&#8220;&#8221; 14=&#8221;column_link_target=&#8220;_self&#8220;&#8221; 15=&#8221;column_position=&#8220;default&#8220;&#8221; 16=&#8221;gradient_direction=&#8220;left_to_right&#8220;&#8221; 17=&#8221;overlay_strength=&#8220;0.3&#8220;&#8221; 18=&#8221;width=&#8220;2\/12&#8220;&#8221; 19=&#8221;tablet_width_inherit=&#8220;default&#8220;&#8221; 20=&#8221;animation_type=&#8220;default&#8220;&#8221; 21=&#8221;bg_image_animation=&#8220;none&#8220;&#8221; 22=&#8221;border_type=&#8220;simple&#8220;&#8221; 23=&#8221;column_border_width=&#8220;none&#8220;&#8221; 24=&#8221;column_border_style=&#8220;solid&#8220;&#8221; 25=&#8221;column_padding_type=&#8220;default&#8220;&#8221; 26=&#8221;gradient_type=&#8220;default&#8220;&#8221; column_padding=&#8221;no-extra-padding&#8221; column_padding_tablet=&#8221;inherit&#8221; column_padding_phone=&#8221;inherit&#8221; column_padding_position=&#8221;all&#8221; column_element_direction_desktop=&#8221;default&#8221; column_element_spacing=&#8221;default&#8221; desktop_text_alignment=&#8221;default&#8221; tablet_text_alignment=&#8221;default&#8221; phone_text_alignment=&#8221;default&#8221; background_color_opacity=&#8221;1&#8243; background_hover_color_opacity=&#8221;1&#8243; column_backdrop_filter=&#8221;none&#8221; column_shadow=&#8221;none&#8221; column_border_radius=&#8221;none&#8221; column_link_target=&#8221;_self&#8221; column_position=&#8221;default&#8221; gradient_direction=&#8221;left_to_right&#8221; overlay_strength=&#8221;0.3&#8243; width=&#8221;1\/1&#8243; tablet_width_inherit=&#8221;default&#8221; animation_type=&#8221;default&#8221; bg_image_animation=&#8221;none&#8221; border_type=&#8221;simple&#8221; column_border_width=&#8221;none&#8221; column_border_style=&#8221;solid&#8221;][vc_column_text 1=&#8221;30px&#8221; 2=&#8221;!important;}&#8220;&#8221;]\n<h2 style=\"text-align: left;\">Mentions l\u00e9gales et politique de confidentialit\u00e9<\/h2>\n[\/vc_column_text][\/vc_column][vc_column 1=&#8221;column_padding_tablet=&#8220;inherit&#8220;&#8221; 2=&#8221;column_padding_phone=&#8220;inherit&#8220;&#8221; 3=&#8221;column_padding_position=&#8220;all&#8220;&#8221; 4=&#8221;column_element_direction_desktop=&#8220;default&#8220;&#8221; 5=&#8221;column_element_spacing=&#8220;default&#8220;&#8221; 6=&#8221;centered_text=&#8220;true&#8220;&#8221; 7=&#8221;desktop_text_alignment=&#8220;default&#8220;&#8221; 8=&#8221;tablet_text_alignment=&#8220;default&#8220;&#8221; 9=&#8221;phone_text_alignment=&#8220;default&#8220;&#8221; 10=&#8221;background_color_opacity=&#8220;1&#8220;&#8221; 11=&#8221;background_hover_color_opacity=&#8220;1&#8220;&#8221; 12=&#8221;column_backdrop_filter=&#8220;none&#8220;&#8221; 13=&#8221;column_shadow=&#8220;none&#8220;&#8221; 14=&#8221;column_border_radius=&#8220;none&#8220;&#8221; 15=&#8221;column_link_target=&#8220;_self&#8220;&#8221; 16=&#8221;column_position=&#8220;default&#8220;&#8221; 17=&#8221;gradient_direction=&#8220;left_to_right&#8220;&#8221; 18=&#8221;overlay_strength=&#8220;0.3&#8220;&#8221; 19=&#8221;width=&#8220;8\/12&#8220;&#8221; 20=&#8221;tablet_width_inherit=&#8220;default&#8220;&#8221; 21=&#8221;animation_type=&#8220;default&#8220;&#8221; 22=&#8221;bg_image_animation=&#8220;none&#8220;&#8221; 23=&#8221;border_type=&#8220;simple&#8220;&#8221; 24=&#8221;column_border_width=&#8220;none&#8220;&#8221; 25=&#8221;column_border_style=&#8220;solid&#8220;&#8221; column_padding=&#8221;padding-4-percent&#8221; column_padding_tablet=&#8221;inherit&#8221; column_padding_phone=&#8221;inherit&#8221; column_padding_position=&#8221;all&#8221; column_element_direction_desktop=&#8221;default&#8221; column_element_spacing=&#8221;default&#8221; desktop_text_alignment=&#8221;left&#8221; tablet_text_alignment=&#8221;default&#8221; phone_text_alignment=&#8221;default&#8221; background_color_opacity=&#8221;1&#8243; background_hover_color_opacity=&#8221;1&#8243; column_backdrop_filter=&#8221;none&#8221; column_shadow=&#8221;none&#8221; column_border_radius=&#8221;none&#8221; column_link_target=&#8221;_self&#8221; column_position=&#8221;default&#8221; gradient_direction=&#8221;left_to_right&#8221; overlay_strength=&#8221;0.3&#8243; width=&#8221;1\/1&#8243; tablet_width_inherit=&#8221;default&#8221; animation_type=&#8221;default&#8221; bg_image_animation=&#8221;none&#8221; border_type=&#8221;simple&#8221; column_border_width=&#8221;none&#8221; column_border_style=&#8221;solid&#8221; column_padding_type=&#8221;default&#8221; gradient_type=&#8221;default&#8221;][vc_column_text 1=&#8221;50px&#8221; 2=&#8221;!important;}&#8220;&#8221; 3=&#8221;max_width=&#8220;550&#8220;&#8221;]\n<div style=\"text-align: left;\">\n<p data-start=\"254\" data-end=\"650\"><strong>\u00c9DITEUR DU SITE<\/strong><\/p>\n<p data-start=\"254\" data-end=\"650\">Le pr\u00e9sent site internet est \u00e9dit\u00e9 par :<br data-start=\"312\" data-end=\"315\" \/>TRIMANE, Soci\u00e9t\u00e9 par Actions Simplifi\u00e9e au capital de 105 000 \u20ac<br data-start=\"378\" data-end=\"381\" \/>Si\u00e8ge social : 102 Terrasse Boieldieu \u2013 92800 Puteaux \u2013 France<br data-start=\"443\" data-end=\"446\" \/>Immatricul\u00e9e au RCS de Nanterre sous le num\u00e9ro 481 552 628<br data-start=\"504\" data-end=\"507\" \/>Directeur de la publication : Lionel Rigaud, Directeur G\u00e9n\u00e9ral<br data-start=\"569\" data-end=\"572\" \/>Contact : via le formulaire de contact ou \u00e0 l\u2019adresse <a class=\"cursor-pointer\" rel=\"noopener\" data-start=\"626\" data-end=\"650\">admin.trimane@trimane.fr<\/a><\/p>\n<p><strong>H\u00c9BERGEUR<\/strong><br data-start=\"664\" data-end=\"667\" \/>Le site est h\u00e9berg\u00e9 par :<br data-start=\"692\" data-end=\"695\" \/>OVH SAS<br data-start=\"702\" data-end=\"705\" \/>2 rue Kellermann \u2013 59100 Roubaix \u2013 France<br data-start=\"746\" data-end=\"749\" \/>Site web : <a class=\"\" href=\"http:\/\/www.ovh.com\" target=\"_new\" rel=\"noopener\" data-start=\"760\" data-end=\"771\">www.ovh.com<\/a><\/p>\n<p><strong>ACC\u00c8S AU SITE<\/strong><br data-start=\"789\" data-end=\"792\" \/>L\u2019acc\u00e8s au site est libre et gratuit. L\u2019utilisation du site implique l\u2019acceptation pleine et enti\u00e8re des pr\u00e9sentes conditions g\u00e9n\u00e9rales d\u2019utilisation. Vous vous engagez \u00e0 ne pas utiliser ce site \u00e0 des fins illicites ou interdites par la l\u00e9gislation en vigueur.<\/p>\n<p><strong>PROPRI\u00c9T\u00c9 INTELLECTUELLE<\/strong><br data-start=\"1081\" data-end=\"1084\" \/>Tous les \u00e9l\u00e9ments du site (textes, images, graphismes, logo, ic\u00f4nes, sons, logiciels, etc.) sont prot\u00e9g\u00e9s par le droit d\u2019auteur et la propri\u00e9t\u00e9 intellectuelle, et restent la propri\u00e9t\u00e9 exclusive de TRIMANE ou de ses partenaires.<br data-start=\"1311\" data-end=\"1314\" \/>Toute reproduction ou utilisation sans autorisation pr\u00e9alable est interdite.<\/p>\n<p><strong>GESTION DU SITE<\/strong><br data-start=\"1410\" data-end=\"1413\" \/>TRIMANE se r\u00e9serve le droit de modifier, suspendre ou interrompre tout ou partie du site pour des raisons de maintenance ou de mise \u00e0 jour, sans pr\u00e9avis ni indemnit\u00e9.<\/p>\n<p><strong>RESPONSABILIT\u00c9<\/strong><br data-start=\"1598\" data-end=\"1601\" \/>TRIMANE ne peut \u00eatre tenue responsable des dommages directs ou indirects caus\u00e9s au mat\u00e9riel de l\u2019utilisateur lors de l\u2019acc\u00e8s au site.<br data-start=\"1734\" data-end=\"1737\" \/>Il appartient \u00e0 l\u2019utilisateur de prendre toutes les pr\u00e9cautions n\u00e9cessaires pour prot\u00e9ger ses donn\u00e9es et son mat\u00e9riel.<\/p>\n<p><strong>LIENS HYPERTEXTES<\/strong><br data-start=\"1877\" data-end=\"1880\" \/>Le site peut contenir des liens vers d\u2019autres sites. TRIMANE d\u00e9cline toute responsabilit\u00e9 quant au contenu de ces sites externes.<\/p>\n<p><strong>POLITIQUE DE CONFIDENTIALIT\u00c9<\/strong><\/p>\n<p><strong>DONN\u00c9ES PERSONNELLES COLLECT\u00c9ES<\/strong><br data-start=\"2075\" data-end=\"2078\" \/>Les donn\u00e9es personnelles collect\u00e9es via le site sont les suivantes :<\/p>\n<ul>\n<li>Nom et pr\u00e9nom<\/li>\n<li>Adresse e-mail<\/li>\n<\/ul>\n<p>Ces donn\u00e9es sont recueillies uniquement via les formulaires de contact.<\/p>\n<p><strong>FINALIT\u00c9S ET BASE L\u00c9GALE<\/strong><br data-start=\"2286\" data-end=\"2289\" \/>Les donn\u00e9es sont trait\u00e9es pour les finalit\u00e9s suivantes :<\/p>\n<ul>\n<li>R\u00e9ponse aux demandes de contact (int\u00e9r\u00eat l\u00e9gitime)<\/li>\n<li>Envoi d\u2019informations commerciales si consentement pr\u00e9alable<\/li>\n<li>Am\u00e9lioration du site et de nos services (int\u00e9r\u00eat l\u00e9gitime)<\/li>\n<\/ul>\n<p><strong>DUR\u00c9E DE CONSERVATION<\/strong><\/p>\n<ul>\n<li>3 ans apr\u00e8s le dernier contact pour les prospects<\/li>\n<li>6 mois pour les messages via formulaire<\/li>\n<li>Plus longtemps si la loi l\u2019impose (obligations l\u00e9gales)<\/li>\n<\/ul>\n<p><strong>DROITS DES PERSONNES<\/strong><br data-start=\"2738\" data-end=\"2741\" \/>Vous disposez des droits suivants :<\/p>\n<ul>\n<li>Droit d\u2019acc\u00e8s, de rectification, d\u2019effacement<\/li>\n<li>Droit \u00e0 la limitation et \u00e0 l\u2019opposition<\/li>\n<li>Droit \u00e0 la portabilit\u00e9<\/li>\n<li>Droit d\u2019organiser le sort de vos donn\u00e9es apr\u00e8s d\u00e9c\u00e8s<\/li>\n<\/ul>\n<p>Pour exercer vos droits, contactez-nous \u00e0 l\u2019adresse suivante :<br data-start=\"3018\" data-end=\"3021\" \/><a class=\"cursor-pointer\" rel=\"noopener\" data-start=\"3021\" data-end=\"3045\">admin.trimane@trimane.fr<\/a><br data-start=\"3045\" data-end=\"3048\" \/>ou par courrier : TRIMANE \u2013 Donn\u00e9es personnelles \u2013 102 Terrasse Boieldieu \u2013 92800 Puteaux<br data-start=\"3137\" data-end=\"3140\" \/>Merci de joindre une copie d\u2019un justificatif d\u2019identit\u00e9 valide.<\/p>\n<p><strong>R\u00c9CLAMATIONS<\/strong><br data-start=\"3221\" data-end=\"3224\" \/>Vous pouvez introduire une r\u00e9clamation aupr\u00e8s de la CNIL (<a class=\"\" href=\"http:\/\/www.cnil.fr\" target=\"_new\" rel=\"noopener\" data-start=\"3282\" data-end=\"3293\">www.cnil.fr<\/a>).<br data-start=\"3295\" data-end=\"3298\" \/>Nous vous invitons \u00e0 nous contacter au pr\u00e9alable pour toute question.<\/p>\n<p><strong>POLITIQUE DE COOKIES<\/strong><\/p>\n<p><strong>UTILISATION DES COOKIES<\/strong><br data-start=\"3418\" data-end=\"3421\" \/>Le site utilise des cookies pour :<\/p>\n<ul>\n<li>Assurer le bon fonctionnement du site (cookies techniques)<\/li>\n<li>Mesurer l\u2019audience (cookies statistiques anonymes)<\/li>\n<li>Am\u00e9liorer l\u2019exp\u00e9rience utilisateur<\/li>\n<\/ul>\n<p><strong>CONSENTEMENT<\/strong><br data-start=\"3630\" data-end=\"3633\" \/>Un bandeau de gestion du consentement s\u2019affiche lors de votre premi\u00e8re visite.<br data-start=\"3711\" data-end=\"3714\" \/>Vous pouvez \u00e0 tout moment modifier vos pr\u00e9f\u00e9rences depuis le lien \u201cG\u00e9rer mes cookies\u201d disponible en bas de page.<br data-start=\"3826\" data-end=\"3829\" \/>Aucun cookie non essentiel n\u2019est d\u00e9pos\u00e9 sans votre consentement.<\/p>\n<p><strong>OUTIL DE GESTION<\/strong><br data-start=\"3915\" data-end=\"3918\" \/>Le site utilise un outil conforme au RGPD pour recueillir et conserver les choix des utilisateurs (par exemple Axeptio, TarteAuCitron, Cookiebot, etc.).<\/p>\n<p><strong>PHOTOGRAPHIES ET REPR\u00c9SENTATION DES PRODUITS<\/strong><br data-start=\"4116\" data-end=\"4119\" \/>Les visuels pr\u00e9sents sur le site sont non contractuels.<\/p>\n<p><strong>LOI APPLICABLE<\/strong><br data-start=\"4190\" data-end=\"4193\" \/>Les pr\u00e9sentes mentions l\u00e9gales sont r\u00e9gies par le droit fran\u00e7ais. Tout litige sera soumis \u00e0 la comp\u00e9tence exclusive des tribunaux dont d\u00e9pend le si\u00e8ge social de TRIMANE.<\/p>\n<p><strong>CONTACT<\/strong><br data-start=\"4371\" data-end=\"4374\" \/>Pour toute question concernant le site ou vos donn\u00e9es personnelles :<br data-start=\"4442\" data-end=\"4445\" \/><a class=\"cursor-pointer\" rel=\"noopener\" data-start=\"4445\" data-end=\"4469\">admin.trimane@trimane.fr<\/a><br data-start=\"4469\" data-end=\"4472\" \/>ou via le formulaire de contact sur notre site<\/p>\n<\/div>\n[\/vc_column_text][\/vc_column][\/vc_row]\n","protected":false},"excerpt":{"rendered":"<p>[vc_row 1=&#8221;full_screen_row_position=&#8220;middle&#8220;&#8221; 2=&#8221;column_margin=&#8220;5px&#8220;&#8221; 3=&#8221;column_direction=&#8220;default&#8220;&#8221; 4=&#8221;column_direction_tablet=&#8220;default&#8220;&#8221; 5=&#8221;column_direction_phone=&#8220;default&#8220;&#8221; 6=&#8221;bg_color=&#8220;#f4f4f4&#8220;&#8221; 7=&#8221;bg_image=&#8220;716&#8220;&#8221; 8=&#8221;bg_position=&#8220;left&#8221; 9=&#8221;top&#8220;&#8221; 10=&#8221;background_image_loading=&#8220;default&#8220;&#8221; 11=&#8221;bg_repeat=&#8220;no-repeat&#8220;&#8221; 12=&#8221;scene_position=&#8220;center&#8220;&#8221; 13=&#8221;top_padding=&#8220;8%&#8220;&#8221; 14=&#8221;bottom_padding=&#8220;8%&#8220;&#8221; 15=&#8221;text_color=&#8220;custom&#8220;&#8221; 16=&#8221;custom_text_color=&#8220;#ffffff&#8220;&#8221; 17=&#8221;text_align=&#8220;left&#8220;&#8221; 18=&#8221;row_border_radius=&#8220;none&#8220;&#8221; 19=&#8221;row_border_radius_applies=&#8220;bg&#8220;&#8221; 20=&#8221;overflow=&#8220;visible&#8220;&#8221; 21=&#8221;overlay_strength=&#8220;0.3&#8220;&#8221; 22=&#8221;gradient_direction=&#8220;left_to_right&#8220;&#8221; 23=&#8221;shape_divider_position=&#8220;bottom&#8220;&#8221; 24=&#8221;bg_image_animation=&#8220;none&#8220;&#8221; 25=&#8221;gradient_type=&#8220;default&#8220;&#8221; 26=&#8221;shape_type=&#8220;&#8220;&#8221; type=&#8221;in_container&#8221; full_screen_row_position=&#8221;middle&#8221; column_margin=&#8221;default&#8221;&#8230;<\/p>\n","protected":false},"author":8,"featured_media":0,"parent":0,"menu_order":47,"comment_status":"closed","ping_status":"closed","template":"","meta":{"inline_featured_image":false,"footnotes":""},"class_list":["post-3735","page","type-page","status-publish"],"acf":[],"aioseo_notices":[],"yoast_head":"<!-- This site is optimized with the Yoast SEO plugin v25.2 - https:\/\/yoast.com\/wordpress\/plugins\/seo\/ -->\n<title>Legal Notices and Privacy Policy - Trimane<\/title>\n<meta name=\"robots\" content=\"noindex, nofollow\" \/>\n<meta property=\"og:locale\" content=\"en_US\" \/>\n<meta property=\"og:type\" content=\"article\" \/>\n<meta property=\"og:title\" content=\"Legal Notices and Privacy Policy - Trimane\" \/>\n<meta property=\"og:description\" content=\"[vc_row 1=&#8221;full_screen_row_position=&#8220;middle&#8220;&#8221; 2=&#8221;column_margin=&#8220;5px&#8220;&#8221; 3=&#8221;column_direction=&#8220;default&#8220;&#8221; 4=&#8221;column_direction_tablet=&#8220;default&#8220;&#8221; 5=&#8221;column_direction_phone=&#8220;default&#8220;&#8221; 6=&#8221;bg_color=&#8220;#f4f4f4&#8220;&#8221; 7=&#8221;bg_image=&#8220;716&#8220;&#8221; 8=&#8221;bg_position=&#8220;left&#8221; 9=&#8221;top&#8220;&#8221; 10=&#8221;background_image_loading=&#8220;default&#8220;&#8221; 11=&#8221;bg_repeat=&#8220;no-repeat&#8220;&#8221; 12=&#8221;scene_position=&#8220;center&#8220;&#8221; 13=&#8221;top_padding=&#8220;8%&#8220;&#8221; 14=&#8221;bottom_padding=&#8220;8%&#8220;&#8221; 15=&#8221;text_color=&#8220;custom&#8220;&#8221; 16=&#8221;custom_text_color=&#8220;#ffffff&#8220;&#8221; 17=&#8221;text_align=&#8220;left&#8220;&#8221; 18=&#8221;row_border_radius=&#8220;none&#8220;&#8221; 19=&#8221;row_border_radius_applies=&#8220;bg&#8220;&#8221; 20=&#8221;overflow=&#8220;visible&#8220;&#8221; 21=&#8221;overlay_strength=&#8220;0.3&#8220;&#8221; 22=&#8221;gradient_direction=&#8220;left_to_right&#8220;&#8221; 23=&#8221;shape_divider_position=&#8220;bottom&#8220;&#8221; 24=&#8221;bg_image_animation=&#8220;none&#8220;&#8221; 25=&#8221;gradient_type=&#8220;default&#8220;&#8221; 26=&#8221;shape_type=&#8220;&#8220;&#8221; type=&#8221;in_container&#8221; full_screen_row_position=&#8221;middle&#8221; column_margin=&#8221;default&#8221;...\" \/>\n<meta property=\"og:url\" content=\"https:\/\/trimane.fr\/en\/legal-notices-and-privacy-policy\/\" \/>\n<meta property=\"og:site_name\" content=\"Trimane\" \/>\n<meta property=\"article:modified_time\" content=\"2025-10-20T15:54:16+00:00\" \/>\n<meta name=\"twitter:card\" content=\"summary_large_image\" \/>\n<meta name=\"twitter:site\" content=\"@TrimaneBI\" \/>\n<meta name=\"twitter:label1\" content=\"Est. reading time\" \/>\n\t<meta name=\"twitter:data1\" content=\"12 minutes\" \/>\n<script type=\"application\/ld+json\" class=\"yoast-schema-graph\">{\"@context\":\"https:\/\/schema.org\",\"@graph\":[{\"@type\":\"WebPage\",\"@id\":\"https:\/\/trimane.fr\/en\/legal-notices-and-privacy-policy\/\",\"url\":\"https:\/\/trimane.fr\/en\/legal-notices-and-privacy-policy\/\",\"name\":\"Legal Notices and Privacy Policy - Trimane\",\"isPartOf\":{\"@id\":\"https:\/\/trimane.fr\/en\/#website\"},\"datePublished\":\"2024-01-24T14:14:29+00:00\",\"dateModified\":\"2025-10-20T15:54:16+00:00\",\"breadcrumb\":{\"@id\":\"https:\/\/trimane.fr\/en\/legal-notices-and-privacy-policy\/#breadcrumb\"},\"inLanguage\":\"en-US\",\"potentialAction\":[{\"@type\":\"ReadAction\",\"target\":[\"https:\/\/trimane.fr\/en\/legal-notices-and-privacy-policy\/\"]}]},{\"@type\":\"BreadcrumbList\",\"@id\":\"https:\/\/trimane.fr\/en\/legal-notices-and-privacy-policy\/#breadcrumb\",\"itemListElement\":[{\"@type\":\"ListItem\",\"position\":1,\"name\":\"Accueil\",\"item\":\"https:\/\/trimane.fr\/en\/\"},{\"@type\":\"ListItem\",\"position\":2,\"name\":\"Legal Notices and Privacy Policy\"}]},{\"@type\":\"WebSite\",\"@id\":\"https:\/\/trimane.fr\/en\/#website\",\"url\":\"https:\/\/trimane.fr\/en\/\",\"name\":\"Trimane\",\"description\":\"Expert Data &amp; IA\",\"potentialAction\":[{\"@type\":\"SearchAction\",\"target\":{\"@type\":\"EntryPoint\",\"urlTemplate\":\"https:\/\/trimane.fr\/en\/?s={search_term_string}\"},\"query-input\":{\"@type\":\"PropertyValueSpecification\",\"valueRequired\":true,\"valueName\":\"search_term_string\"}}],\"inLanguage\":\"en-US\"}]}<\/script>\n<!-- \/ Yoast SEO plugin. -->","yoast_head_json":{"title":"Legal Notices and Privacy Policy - Trimane","robots":{"index":"noindex","follow":"nofollow"},"og_locale":"en_US","og_type":"article","og_title":"Legal Notices and Privacy Policy - Trimane","og_description":"[vc_row 1=&#8221;full_screen_row_position=&#8220;middle&#8220;&#8221; 2=&#8221;column_margin=&#8220;5px&#8220;&#8221; 3=&#8221;column_direction=&#8220;default&#8220;&#8221; 4=&#8221;column_direction_tablet=&#8220;default&#8220;&#8221; 5=&#8221;column_direction_phone=&#8220;default&#8220;&#8221; 6=&#8221;bg_color=&#8220;#f4f4f4&#8220;&#8221; 7=&#8221;bg_image=&#8220;716&#8220;&#8221; 8=&#8221;bg_position=&#8220;left&#8221; 9=&#8221;top&#8220;&#8221; 10=&#8221;background_image_loading=&#8220;default&#8220;&#8221; 11=&#8221;bg_repeat=&#8220;no-repeat&#8220;&#8221; 12=&#8221;scene_position=&#8220;center&#8220;&#8221; 13=&#8221;top_padding=&#8220;8%&#8220;&#8221; 14=&#8221;bottom_padding=&#8220;8%&#8220;&#8221; 15=&#8221;text_color=&#8220;custom&#8220;&#8221; 16=&#8221;custom_text_color=&#8220;#ffffff&#8220;&#8221; 17=&#8221;text_align=&#8220;left&#8220;&#8221; 18=&#8221;row_border_radius=&#8220;none&#8220;&#8221; 19=&#8221;row_border_radius_applies=&#8220;bg&#8220;&#8221; 20=&#8221;overflow=&#8220;visible&#8220;&#8221; 21=&#8221;overlay_strength=&#8220;0.3&#8220;&#8221; 22=&#8221;gradient_direction=&#8220;left_to_right&#8220;&#8221; 23=&#8221;shape_divider_position=&#8220;bottom&#8220;&#8221; 24=&#8221;bg_image_animation=&#8220;none&#8220;&#8221; 25=&#8221;gradient_type=&#8220;default&#8220;&#8221; 26=&#8221;shape_type=&#8220;&#8220;&#8221; type=&#8221;in_container&#8221; full_screen_row_position=&#8221;middle&#8221; column_margin=&#8221;default&#8221;...","og_url":"https:\/\/trimane.fr\/en\/legal-notices-and-privacy-policy\/","og_site_name":"Trimane","article_modified_time":"2025-10-20T15:54:16+00:00","twitter_card":"summary_large_image","twitter_site":"@TrimaneBI","twitter_misc":{"Est. reading time":"12 minutes"},"schema":{"@context":"https:\/\/schema.org","@graph":[{"@type":"WebPage","@id":"https:\/\/trimane.fr\/en\/legal-notices-and-privacy-policy\/","url":"https:\/\/trimane.fr\/en\/legal-notices-and-privacy-policy\/","name":"Legal Notices and Privacy Policy - Trimane","isPartOf":{"@id":"https:\/\/trimane.fr\/en\/#website"},"datePublished":"2024-01-24T14:14:29+00:00","dateModified":"2025-10-20T15:54:16+00:00","breadcrumb":{"@id":"https:\/\/trimane.fr\/en\/legal-notices-and-privacy-policy\/#breadcrumb"},"inLanguage":"en-US","potentialAction":[{"@type":"ReadAction","target":["https:\/\/trimane.fr\/en\/legal-notices-and-privacy-policy\/"]}]},{"@type":"BreadcrumbList","@id":"https:\/\/trimane.fr\/en\/legal-notices-and-privacy-policy\/#breadcrumb","itemListElement":[{"@type":"ListItem","position":1,"name":"Accueil","item":"https:\/\/trimane.fr\/en\/"},{"@type":"ListItem","position":2,"name":"Legal Notices and Privacy Policy"}]},{"@type":"WebSite","@id":"https:\/\/trimane.fr\/en\/#website","url":"https:\/\/trimane.fr\/en\/","name":"Trimane","description":"Expert Data &amp; IA","potentialAction":[{"@type":"SearchAction","target":{"@type":"EntryPoint","urlTemplate":"https:\/\/trimane.fr\/en\/?s={search_term_string}"},"query-input":{"@type":"PropertyValueSpecification","valueRequired":true,"valueName":"search_term_string"}}],"inLanguage":"en-US"}]}},"_links":{"self":[{"href":"https:\/\/trimane.fr\/en\/wp-json\/wp\/v2\/pages\/3735","targetHints":{"allow":["GET"]}}],"collection":[{"href":"https:\/\/trimane.fr\/en\/wp-json\/wp\/v2\/pages"}],"about":[{"href":"https:\/\/trimane.fr\/en\/wp-json\/wp\/v2\/types\/page"}],"author":[{"embeddable":true,"href":"https:\/\/trimane.fr\/en\/wp-json\/wp\/v2\/users\/8"}],"replies":[{"embeddable":true,"href":"https:\/\/trimane.fr\/en\/wp-json\/wp\/v2\/comments?post=3735"}],"version-history":[{"count":8,"href":"https:\/\/trimane.fr\/en\/wp-json\/wp\/v2\/pages\/3735\/revisions"}],"predecessor-version":[{"id":4708,"href":"https:\/\/trimane.fr\/en\/wp-json\/wp\/v2\/pages\/3735\/revisions\/4708"}],"wp:attachment":[{"href":"https:\/\/trimane.fr\/en\/wp-json\/wp\/v2\/media?parent=3735"}],"curies":[{"name":"wp","href":"https:\/\/api.w.org\/{rel}","templated":true}]}}